{"id":3916,"date":"2021-02-06T09:30:51","date_gmt":"2021-02-06T08:30:51","guid":{"rendered":"https:\/\/festival-leron.com\/?page_id=3916"},"modified":"2021-02-06T09:30:52","modified_gmt":"2021-02-06T08:30:52","slug":"ci-dignano","status":"publish","type":"page","link":"https:\/\/festival-leron.com\/it\/ci-dignano\/","title":{"rendered":"CI Dignano"},"content":{"rendered":"<p>[et_pb_section fb_built=&#8221;1&#8243; custom_padding_last_edited=&#8221;on|desktop&#8221; module_id=&#8221;kontakt&#8221; _builder_version=&#8221;3.26.7&#8243; background_color=&#8221;#bb1b00&#8243; custom_padding=&#8221;||10px|&#8221; custom_padding_tablet=&#8221;50px|0|50px|0&#8243; custom_padding_phone=&#8221;&#8221; z_index_tablet=&#8221;500&#8243; box_shadow_horizontal_tablet=&#8221;0px&#8221; box_shadow_vertical_tablet=&#8221;0px&#8221; box_shadow_blur_tablet=&#8221;40px&#8221; box_shadow_spread_tablet=&#8221;0px&#8221; locked=&#8221;off&#8221;][et_pb_row _builder_version=&#8221;3.25&#8243; background_size=&#8221;initial&#8221; background_position=&#8221;top_left&#8221; background_repeat=&#8221;repeat&#8221;][et_pb_column type=&#8221;4_4&#8243; _builder_version=&#8221;3.0.47&#8243; custom_padding=&#8221;|||&#8221; custom_padding__hover=&#8221;|||&#8221;][et_pb_text _builder_version=&#8221;3.27.4&#8243; text_font=&#8221;Times New Roman||||||||&#8221; text_text_color=&#8221;#ffffff&#8221; text_font_size=&#8221;26px&#8221; link_font=&#8221;Times New Roman||||||||&#8221; link_text_color=&#8221;#ffffff&#8221; z_index_tablet=&#8221;500&#8243; text_text_shadow_horizontal_length_tablet=&#8221;0px&#8221; text_text_shadow_vertical_length_tablet=&#8221;0px&#8221; text_text_shadow_blur_strength_tablet=&#8221;1px&#8221; link_text_shadow_style=&#8221;preset2&#8243; link_text_shadow_color=&#8221;#000000&#8243; link_text_shadow_horizontal_length_tablet=&#8221;0px&#8221; link_text_shadow_vertical_length_tablet=&#8221;0px&#8221; link_text_shadow_blur_strength_tablet=&#8221;1px&#8221; ul_text_shadow_horizontal_length_tablet=&#8221;0px&#8221; ul_text_shadow_vertical_length_tablet=&#8221;0px&#8221; ul_text_shadow_blur_strength_tablet=&#8221;1px&#8221; ol_text_shadow_horizontal_length_tablet=&#8221;0px&#8221; ol_text_shadow_vertical_length_tablet=&#8221;0px&#8221; ol_text_shadow_blur_strength_tablet=&#8221;1px&#8221; quote_text_shadow_horizontal_length_tablet=&#8221;0px&#8221; quote_text_shadow_vertical_length_tablet=&#8221;0px&#8221; quote_text_shadow_blur_strength_tablet=&#8221;1px&#8221; header_text_shadow_horizontal_length_tablet=&#8221;0px&#8221; header_text_shadow_vertical_length_tablet=&#8221;0px&#8221; header_text_shadow_blur_strength_tablet=&#8221;1px&#8221; header_2_text_shadow_horizontal_length_tablet=&#8221;0px&#8221; header_2_text_shadow_vertical_length_tablet=&#8221;0px&#8221; header_2_text_shadow_blur_strength_tablet=&#8221;1px&#8221; header_3_text_shadow_horizontal_length_tablet=&#8221;0px&#8221; header_3_text_shadow_vertical_length_tablet=&#8221;0px&#8221; header_3_text_shadow_blur_strength_tablet=&#8221;1px&#8221; header_4_text_shadow_horizontal_length_tablet=&#8221;0px&#8221; header_4_text_shadow_vertical_length_tablet=&#8221;0px&#8221; header_4_text_shadow_blur_strength_tablet=&#8221;1px&#8221; header_5_text_shadow_horizontal_length_tablet=&#8221;0px&#8221; header_5_text_shadow_vertical_length_tablet=&#8221;0px&#8221; header_5_text_shadow_blur_strength_tablet=&#8221;1px&#8221; header_6_text_shadow_horizontal_length_tablet=&#8221;0px&#8221; header_6_text_shadow_vertical_length_tablet=&#8221;0px&#8221; header_6_text_shadow_blur_strength_tablet=&#8221;1px&#8221; box_shadow_horizontal_tablet=&#8221;0px&#8221; box_shadow_vertical_tablet=&#8221;0px&#8221; box_shadow_blur_tablet=&#8221;40px&#8221; box_shadow_spread_tablet=&#8221;0px&#8221; link_text_color__hover_enabled=&#8221;on&#8221; transform_styles__hover_enabled=&#8221;on&#8221; transform_scale__hover_enabled=&#8221;on&#8221; transform_translate__hover_enabled=&#8221;on&#8221; transform_rotate__hover_enabled=&#8221;on&#8221; transform_skew__hover_enabled=&#8221;on&#8221; transform_origin__hover_enabled=&#8221;on&#8221; transform_scale__hover=&#8221;104%|104%&#8221;]<\/p>\n<p style=\"text-align: center;\"><a href=\"http:\/\/www.ci-dignano.com\/\" target=\"_blank\" rel=\"noopener noreferrer\">Comunit\u00e0 degli Italiani Dignano<\/a><\/p>\n<p>[\/et_pb_text][et_pb_image src=&#8221;https:\/\/festival-leron.com\/wp-content\/uploads\/Trifora2_03.png&#8221; align=&#8221;center&#8221; _builder_version=&#8221;3.26.7&#8243; z_index_tablet=&#8221;500&#8243; box_shadow_horizontal_tablet=&#8221;0px&#8221; box_shadow_vertical_tablet=&#8221;0px&#8221; box_shadow_blur_tablet=&#8221;40px&#8221; box_shadow_spread_tablet=&#8221;0px&#8221;]<\/p>\n<p>[\/et_pb_image][et_pb_image src=&#8221;https:\/\/festival-leron.com\/wp-content\/uploads\/Trifora2_06.jpg&#8221; align=&#8221;center&#8221; _builder_version=&#8221;3.26.7&#8243; z_index_tablet=&#8221;500&#8243; box_shadow_horizontal_tablet=&#8221;0px&#8221; box_shadow_vertical_tablet=&#8221;0px&#8221; box_shadow_blur_tablet=&#8221;40px&#8221; box_shadow_spread_tablet=&#8221;0px&#8221;]<\/p>\n<p>[\/et_pb_image][\/et_pb_column][\/et_pb_row][\/et_pb_section][et_pb_section fb_built=&#8221;1&#8243; custom_padding_last_edited=&#8221;on|desktop&#8221; _builder_version=&#8221;3.26.7&#8243; background_color=&#8221;#e2d9cf&#8221; parallax=&#8221;on&#8221; parallax_method=&#8221;off&#8221; custom_padding_tablet=&#8221;50px|0|50px|0&#8243; custom_padding_phone=&#8221;&#8221; z_index_tablet=&#8221;500&#8243; box_shadow_horizontal_tablet=&#8221;0px&#8221; box_shadow_vertical_tablet=&#8221;0px&#8221; box_shadow_blur_tablet=&#8221;40px&#8221; box_shadow_spread_tablet=&#8221;0px&#8221; locked=&#8221;off&#8221;][et_pb_row padding_mobile=&#8221;off&#8221; column_padding_mobile=&#8221;on&#8221; _builder_version=&#8221;4.8.2&#8243; background_size=&#8221;initial&#8221; background_position=&#8221;top_left&#8221; background_repeat=&#8221;repeat&#8221; custom_padding=&#8221;0px|||||&#8221;][et_pb_column type=&#8221;4_4&#8243; _builder_version=&#8221;3.25&#8243; custom_padding=&#8221;|||&#8221; custom_padding__hover=&#8221;|||&#8221;][et_pb_text admin_label=&#8221;COMUNIT\u00c0 DEGLI ITALIANI DI DIGNANO&#8221; _builder_version=&#8221;4.8.2&#8243; text_font=&#8221;Times New Roman|700|||||||&#8221; text_font_size=&#8221;33px&#8221; text_letter_spacing=&#8221;2px&#8221; text_line_height=&#8221;1em&#8221; text_orientation=&#8221;center&#8221; custom_margin_tablet=&#8221;&#8221; custom_margin_phone=&#8221;&#8221; custom_margin_last_edited=&#8221;on|desktop&#8221; custom_padding=&#8221;33px|||||&#8221; custom_padding_tablet=&#8221;0px||||false|false&#8221; custom_padding_last_edited=&#8221;off|desktop&#8221; text_font_size_tablet=&#8221;26px&#8221; text_font_size_phone=&#8221;26px&#8221; text_font_size_last_edited=&#8221;on|phone&#8221; z_index_tablet=&#8221;500&#8243; text_text_shadow_style=&#8221;preset5&#8243; text_text_shadow_blur_strength=&#8221;0.42em&#8221; text_text_shadow_horizontal_length_tablet=&#8221;0px&#8221; text_text_shadow_vertical_length_tablet=&#8221;0px&#8221; text_text_shadow_blur_strength_tablet=&#8221;1px&#8221; link_text_shadow_horizontal_length_tablet=&#8221;0px&#8221; link_text_shadow_vertical_length_tablet=&#8221;0px&#8221; link_text_shadow_blur_strength_tablet=&#8221;1px&#8221; ul_text_shadow_horizontal_length_tablet=&#8221;0px&#8221; ul_text_shadow_vertical_length_tablet=&#8221;0px&#8221; ul_text_shadow_blur_strength_tablet=&#8221;1px&#8221; ol_text_shadow_horizontal_length_tablet=&#8221;0px&#8221; ol_text_shadow_vertical_length_tablet=&#8221;0px&#8221; ol_text_shadow_blur_strength_tablet=&#8221;1px&#8221; quote_text_shadow_horizontal_length_tablet=&#8221;0px&#8221; quote_text_shadow_vertical_length_tablet=&#8221;0px&#8221; quote_text_shadow_blur_strength_tablet=&#8221;1px&#8221; header_text_shadow_horizontal_length_tablet=&#8221;0px&#8221; header_text_shadow_vertical_length_tablet=&#8221;0px&#8221; header_text_shadow_blur_strength_tablet=&#8221;1px&#8221; header_2_text_shadow_horizontal_length_tablet=&#8221;0px&#8221; header_2_text_shadow_vertical_length_tablet=&#8221;0px&#8221; header_2_text_shadow_blur_strength_tablet=&#8221;1px&#8221; header_3_text_shadow_horizontal_length_tablet=&#8221;0px&#8221; header_3_text_shadow_vertical_length_tablet=&#8221;0px&#8221; header_3_text_shadow_blur_strength_tablet=&#8221;1px&#8221; header_4_text_shadow_horizontal_length_tablet=&#8221;0px&#8221; header_4_text_shadow_vertical_length_tablet=&#8221;0px&#8221; header_4_text_shadow_blur_strength_tablet=&#8221;1px&#8221; header_5_text_shadow_horizontal_length_tablet=&#8221;0px&#8221; header_5_text_shadow_vertical_length_tablet=&#8221;0px&#8221; header_5_text_shadow_blur_strength_tablet=&#8221;1px&#8221; header_6_text_shadow_horizontal_length_tablet=&#8221;0px&#8221; header_6_text_shadow_vertical_length_tablet=&#8221;0px&#8221; header_6_text_shadow_blur_strength_tablet=&#8221;1px&#8221; box_shadow_horizontal_tablet=&#8221;0px&#8221; box_shadow_vertical_tablet=&#8221;0px&#8221; box_shadow_blur_tablet=&#8221;40px&#8221; box_shadow_spread_tablet=&#8221;0px&#8221; text_text_align=&#8221;center&#8221;]COMUNIT\u00c0 DEGLI ITALIANI DI DIGNANO[\/et_pb_text][et_pb_text admin_label=&#8221;Txt IT&#8221; _builder_version=&#8221;4.8.2&#8243; text_font=&#8221;Times New Roman|700|||||||&#8221; text_font_size=&#8221;24px&#8221; text_letter_spacing=&#8221;2px&#8221; text_line_height=&#8221;1.4em&#8221; custom_padding=&#8221;39px|||||&#8221; custom_padding_tablet=&#8221;24px||||false|false&#8221; custom_padding_phone=&#8221;28px||||false|false&#8221; custom_padding_last_edited=&#8221;on|desktop&#8221; text_font_size_tablet=&#8221;19px&#8221; text_font_size_phone=&#8221;17px&#8221; text_font_size_last_edited=&#8221;on|desktop&#8221; z_index_tablet=&#8221;500&#8243; text_orientation_tablet=&#8221;&#8221; text_orientation_phone=&#8221;&#8221; text_orientation_last_edited=&#8221;on|desktop&#8221; text_text_shadow_style=&#8221;preset5&#8243; text_text_shadow_blur_strength=&#8221;0.42em&#8221; text_text_shadow_horizontal_length_tablet=&#8221;0px&#8221; text_text_shadow_vertical_length_tablet=&#8221;0px&#8221; text_text_shadow_blur_strength_tablet=&#8221;1px&#8221; link_text_shadow_horizontal_length_tablet=&#8221;0px&#8221; link_text_shadow_vertical_length_tablet=&#8221;0px&#8221; link_text_shadow_blur_strength_tablet=&#8221;1px&#8221; ul_text_shadow_horizontal_length_tablet=&#8221;0px&#8221; ul_text_shadow_vertical_length_tablet=&#8221;0px&#8221; ul_text_shadow_blur_strength_tablet=&#8221;1px&#8221; ol_text_shadow_horizontal_length_tablet=&#8221;0px&#8221; ol_text_shadow_vertical_length_tablet=&#8221;0px&#8221; ol_text_shadow_blur_strength_tablet=&#8221;1px&#8221; quote_text_shadow_horizontal_length_tablet=&#8221;0px&#8221; quote_text_shadow_vertical_length_tablet=&#8221;0px&#8221; quote_text_shadow_blur_strength_tablet=&#8221;1px&#8221; header_text_shadow_horizontal_length_tablet=&#8221;0px&#8221; header_text_shadow_vertical_length_tablet=&#8221;0px&#8221; header_text_shadow_blur_strength_tablet=&#8221;1px&#8221; header_2_text_shadow_horizontal_length_tablet=&#8221;0px&#8221; header_2_text_shadow_vertical_length_tablet=&#8221;0px&#8221; header_2_text_shadow_blur_strength_tablet=&#8221;1px&#8221; header_3_text_shadow_horizontal_length_tablet=&#8221;0px&#8221; header_3_text_shadow_vertical_length_tablet=&#8221;0px&#8221; header_3_text_shadow_blur_strength_tablet=&#8221;1px&#8221; header_4_text_shadow_horizontal_length_tablet=&#8221;0px&#8221; header_4_text_shadow_vertical_length_tablet=&#8221;0px&#8221; header_4_text_shadow_blur_strength_tablet=&#8221;1px&#8221; header_5_text_shadow_horizontal_length_tablet=&#8221;0px&#8221; header_5_text_shadow_vertical_length_tablet=&#8221;0px&#8221; header_5_text_shadow_blur_strength_tablet=&#8221;1px&#8221; header_6_text_shadow_horizontal_length_tablet=&#8221;0px&#8221; header_6_text_shadow_vertical_length_tablet=&#8221;0px&#8221; header_6_text_shadow_blur_strength_tablet=&#8221;1px&#8221; box_shadow_horizontal_tablet=&#8221;0px&#8221; box_shadow_vertical_tablet=&#8221;0px&#8221; box_shadow_blur_tablet=&#8221;40px&#8221; box_shadow_spread_tablet=&#8221;0px&#8221; text_text_align=&#8221;center&#8221;]<\/p>\n<p>Nel luglio del 1948, veniva ufficialmente costituito il Circolo Italiano di Cultura &#8220;Lorenzo Forlani&#8221;. Fondatori Giovanni Demarin e Antonio Gorlato, che fu poi il primo presidente del sodalizio. La fondazione avvenne dopo la formazione delle sezioni corale, filodrammatica e folcloristica, avvenuta tra il 1945 e il 1947.<\/p>\n<p>Nel 1971 il Circolo Italiano di Cultura si \u00e8 trasformato in Comunit\u00e0 degli Italiani.<br \/>Il Circolo Italiano di Cultura \u201cLorenzo Forlani\u201d era nato su iniziativa dell\u2019Unione degli Italiani dell\u2019Istria e di Fiume come tutti gli altri Circoli della regione istro-quarnerina, con l\u2019intento di offrire agli Italiani rimasti le condizioni per il mantenimento e lo sviluppo della propria peculiare identit\u00e0 nazionale, culturale e linguistica nei luoghi di insediamento storico. Nel CIC \u201cL. Forlani\u201d, divenuto poi CI Dignano, la continua corroborazione delle profonde radici bimillenarie veniva accostata alla volont\u00e0 dei soci, delle sezioni e della scuola con lingua d\u2019insegnamento italiana di rendere la cultura locale non un fatto archeologico, ma una realt\u00e0 viva con la quale confrontarsi giorno per giorno.<\/p>\n<p>La Comunit\u00e0 dignanese ha saputo ritagliarsi dal 1948 in poi uno spazio preciso non solo nell\u2019ambito locale ma anche in quello che supera il confine regionale, diventando interessante punto di riferimento per chi apprezza i valori dell\u2019arte e della cultura in genere.<\/p>\n<p>La CI Dignano, coi suoi canti popolari, coi costumi, col dialetto istrioto (al favel\u00e0), con la profondit\u00e0 delle sue ricerche, con la creativit\u00e0 artistica, col rispetto delle tradizioni e con tutti gli altri aspetti della cultura boumbara, rappresenta un importante vivace tassello del mosaico culturale istriano.<br \/>Gli artefici della vivacit\u00e0 artistico-culturale e di ricerca del sodalizio dignanese sono sicuramente gli attivisti che hanno svolto e svolgono con entusiasmo, costanza espirito di sacrificio migliaia di ore di attivit\u00e0 sotto forma di prove, spettacoli, manifestazioni pubbliche, ricerche, nell\u2019ambito del coro, del folclore, della filodrammatica, della banda, dei minicantanti, dell\u2019orchestrina, dei recitatori, dei solisti, del coretto, degli strumentisti, degli artisti, dei ceramisti, dei ricercatori, degli scacchisti, degli sportivi e di altri gruppi di attivit\u00e0.<\/p>\n<p>Da ricordare le azioni e le iniziative particolari della CI Dignano:<br \/>&#8211; &#8220;I Circoli cantano&#8221; (gara canora regionale realizzata a tappe negli anni &#8217;60);<br \/>&#8211; &#8220;Ex tempore internazionale di pittura&#8221;;<br \/>&#8211; Torneo internazionale di scacchi &#8220;Coppa Lorenzo Forlani&#8221;;<br \/>\u2013 Festival internazionale del folklore \u201cLeron\u201d;<br \/>\u2013 Premio letterario in dialetto istrioto dignanese \u201cFavel\u00e0\u201d;<br \/>&#8211; periodica organizzazione di mostre etnografiche sulla cultura locale, di serate letterarie, tavole rotonde e convegni.<\/p>\n<p>Degne di nota anche le iniziative di carattere locale, regionale, nazionale e internazionale a cui il nostro sodalizio ha aderito e aderisce. Una delle pi\u00f9 significative \u00e8 certamente il Festival dell\u2019Istrioto.<\/p>\n<p>A seguito della notevole attivit\u00e0 di ricerca storico-etnografica svolta dalla CI Dignano e dalla Sezione italiana della SE Dignano, la CI Dignano ha pubblicato i seguenti testi: &#8220;AVI, alberi genealogici della gente dignanese&#8221;, la raccolta di lavori di ricerca \u201cDignano nei secoli\u201d, il ricettario \u201cLa couseina boumbara\u201d, la monografia \u201cCostumi e tradizioni dignanesi\u201d di Anita Forlani. Ha contribuito inoltre alla pubblicazione de &#8220;Le casite, un censimento per la memoria storica&#8221; e degli atti del convegno \u201cGiuseppe Del Ton. Da Dignano d\u2019Istria al Vaticano a scrivere il latino per sei Pontefici\u201d.<br \/>Questa notevole attivit\u00e0 artistico-culturale e di ricerca si \u00e8 avvalsa nel corso degli anni del sostegno immancabile dell\u2019Unione Italiana, dell\u2019Universit\u00e0 Popolare di Trieste, della Regione Istriana, della Regione Veneto, della Citt\u00e0 di Dignano che ha donato al sodalizio dignanese Palazzo Bradamante, ristrutturato nel 2005 grazie ai mezzi finanziari del Governo italiano.<\/p>\n<p>Prospettive per il futuro: la CI Dignano, Comunit\u00e0 storica della nostra regione, gelosa custode delle ricche tradizioni autoctone locali, guarda ottimisticamente all\u2019avvenire, in un contesto di fratellanza europea e di convivenza interetnica, dove ciascuno, consapevole e fiero della propria identit\u00e0 e del proprio retaggio, dialoga e comprende l&#8217;altro, in uno scambio reciproco, in una crescita civile e culturale, in una regione plurale com\u2019\u00e8 quella istriana.<\/p>\n<p>[\/et_pb_text][\/et_pb_column][\/et_pb_row][\/et_pb_section][et_pb_section fb_built=&#8221;1&#8243; admin_label=&#8221;Section footer&#8221; module_id=&#8221;Contact&#8221; _builder_version=&#8221;4.7.7&#8243; background_color=&#8221;#2b2b2b&#8221; background_image=&#8221;https:\/\/leron.tuitamo.com\/wp-content\/uploads\/ac-Park_Umag_2017_55-1.jpg&#8221; background_blend=&#8221;multiply&#8221; custom_padding=&#8221;0px||3px|||&#8221; z_index_tablet=&#8221;500&#8243; box_shadow_horizontal_tablet=&#8221;0px&#8221; box_shadow_vertical_tablet=&#8221;0px&#8221; box_shadow_blur_tablet=&#8221;40px&#8221; box_shadow_spread_tablet=&#8221;0px&#8221; locked=&#8221;off&#8221; collapsed=&#8221;off&#8221;][et_pb_row column_structure=&#8221;1_3,1_3,1_3&#8243; use_custom_gutter=&#8221;on&#8221; gutter_width=&#8221;1&#8243; _builder_version=&#8221;3.27.2&#8243; background_size=&#8221;initial&#8221; background_position=&#8221;top_left&#8221; background_repeat=&#8221;repeat&#8221;][et_pb_column type=&#8221;1_3&#8243; _builder_version=&#8221;3.0.47&#8243; custom_padding=&#8221;|||&#8221; custom_padding__hover=&#8221;|||&#8221;][et_pb_text admin_label=&#8221;Zajednica Talijana Vodnjan&#8221; module_class=&#8221;zoo_footer_text&#8221; _builder_version=&#8221;4.7.7&#8243; text_text_color=&#8221;#d6d6d6&#8243; text_font_size=&#8221;17px&#8221; header_text_color=&#8221;#ffffff&#8221; header_2_text_color=&#8221;#ffffff&#8221; header_3_text_color=&#8221;#ffffff&#8221; custom_margin=&#8221;-1px||||false|false&#8221; custom_margin_tablet=&#8221;||||false|false&#8221; custom_margin_phone=&#8221;&#8221; custom_margin_last_edited=&#8221;on|tablet&#8221; custom_padding=&#8221;||26px|||&#8221; custom_padding_tablet=&#8221;43px||||false|false&#8221; custom_padding_phone=&#8221;&#8221; custom_padding_last_edited=&#8221;on|phone&#8221; z_index_tablet=&#8221;500&#8243; header_text_shadow_horizontal_length_tablet=&#8221;0px&#8221; header_text_shadow_vertical_length_tablet=&#8221;0px&#8221; header_text_shadow_blur_strength_tablet=&#8221;1px&#8221; header_2_text_shadow_horizontal_length_tablet=&#8221;0px&#8221; header_2_text_shadow_vertical_length_tablet=&#8221;0px&#8221; header_2_text_shadow_blur_strength_tablet=&#8221;1px&#8221; header_3_text_shadow_horizontal_length_tablet=&#8221;0px&#8221; header_3_text_shadow_vertical_length_tablet=&#8221;0px&#8221; header_3_text_shadow_blur_strength_tablet=&#8221;1px&#8221; header_4_text_shadow_horizontal_length_tablet=&#8221;0px&#8221; header_4_text_shadow_vertical_length_tablet=&#8221;0px&#8221; header_4_text_shadow_blur_strength_tablet=&#8221;1px&#8221; header_5_text_shadow_horizontal_length_tablet=&#8221;0px&#8221; header_5_text_shadow_vertical_length_tablet=&#8221;0px&#8221; header_5_text_shadow_blur_strength_tablet=&#8221;1px&#8221; header_6_text_shadow_horizontal_length_tablet=&#8221;0px&#8221; header_6_text_shadow_vertical_length_tablet=&#8221;0px&#8221; header_6_text_shadow_blur_strength_tablet=&#8221;1px&#8221; box_shadow_horizontal_tablet=&#8221;0px&#8221; box_shadow_vertical_tablet=&#8221;0px&#8221; box_shadow_blur_tablet=&#8221;40px&#8221; box_shadow_spread_tablet=&#8221;0px&#8221;]<\/p>\n<h3>Zajednica Talijana Vodnjan &#8211; Comunita&#8217; degli Italiani di Dignano<\/h3>\n<p>Narodni trg &#8211; Piazza del Popolo 4, 52215 Vodnjan &#8211; Dignano, Croatia<br \/> Tel: +385 (0)52 512 124<br \/> Email: cidignano@gmail.com<\/p>\n<p>[\/et_pb_text][\/et_pb_column][et_pb_column type=&#8221;1_3&#8243; _builder_version=&#8221;3.0.47&#8243; custom_padding=&#8221;|||&#8221; custom_padding__hover=&#8221;|||&#8221;][\/et_pb_column][et_pb_column type=&#8221;1_3&#8243; _builder_version=&#8221;3.0.47&#8243; custom_padding=&#8221;|||&#8221; custom_padding__hover=&#8221;|||&#8221;][et_pb_image src=&#8221;https:\/\/leron.tuitamo.com\/wp-content\/uploads\/leron-logo-1300.png&#8221; title_text=&#8221;leron-logo-1300&#8243; url=&#8221;#&#8221; url_new_window=&#8221;on&#8221; show_bottom_space=&#8221;off&#8221; admin_label=&#8221;Leron logo&#8221; _builder_version=&#8221;4.7.7&#8243; width=&#8221;99.8%&#8221; width_tablet=&#8221;53%&#8221; width_phone=&#8221;63%&#8221; width_last_edited=&#8221;on|desktop&#8221; custom_margin=&#8221;|||-50px|false|false&#8221; custom_margin_tablet=&#8221;|||138px|false|false&#8221; custom_margin_phone=&#8221;|||60px|false|false&#8221; custom_margin_last_edited=&#8221;on|desktop&#8221; custom_padding=&#8221;|||21px|false|false&#8221; filter_saturate=&#8221;0%&#8221; z_index_tablet=&#8221;500&#8243; box_shadow_horizontal_tablet=&#8221;0px&#8221; box_shadow_vertical_tablet=&#8221;0px&#8221; box_shadow_blur_tablet=&#8221;40px&#8221; box_shadow_spread_tablet=&#8221;0px&#8221; transform_styles__hover_enabled=&#8221;off&#8221; transform_scale__hover_enabled=&#8221;off&#8221; transform_translate__hover_enabled=&#8221;off&#8221; transform_rotate__hover_enabled=&#8221;off&#8221; transform_skew__hover_enabled=&#8221;off&#8221; transform_origin__hover_enabled=&#8221;off&#8221; filter_saturate__hover_enabled=&#8221;on&#8221; filter_saturate__hover=&#8221;100%&#8221;][\/et_pb_image][\/et_pb_column][\/et_pb_row][\/et_pb_section]<\/p>\n","protected":false},"excerpt":{"rendered":"<p>Comunit\u00e0 degli Italiani Dignano COMUNIT\u00c0 DEGLI ITALIANI DI DIGNANONel luglio del 1948, veniva ufficialmente costituito il Circolo Italiano di Cultura &#8220;Lorenzo Forlani&#8221;. Fondatori Giovanni Demarin e Antonio Gorlato, che fu poi il primo presidente del sodalizio. La fondazione avvenne dopo la formazione delle sezioni corale, filodrammatica e folcloristica, avvenuta tra il 1945 e il 1947. [&hellip;]<\/p>\n","protected":false},"author":1,"featured_media":0,"parent":0,"menu_order":1,"comment_status":"closed","ping_status":"closed","template":"","meta":{"_et_pb_use_builder":"on","_et_pb_old_content":"","_et_gb_content_width":"","footnotes":""},"class_list":["post-3916","page","type-page","status-publish","hentry"],"_links":{"self":[{"href":"https:\/\/festival-leron.com\/it\/wp-json\/wp\/v2\/pages\/3916","targetHints":{"allow":["GET"]}}],"collection":[{"href":"https:\/\/festival-leron.com\/it\/wp-json\/wp\/v2\/pages"}],"about":[{"href":"https:\/\/festival-leron.com\/it\/wp-json\/wp\/v2\/types\/page"}],"author":[{"embeddable":true,"href":"https:\/\/festival-leron.com\/it\/wp-json\/wp\/v2\/users\/1"}],"replies":[{"embeddable":true,"href":"https:\/\/festival-leron.com\/it\/wp-json\/wp\/v2\/comments?post=3916"}],"version-history":[{"count":7,"href":"https:\/\/festival-leron.com\/it\/wp-json\/wp\/v2\/pages\/3916\/revisions"}],"predecessor-version":[{"id":3973,"href":"https:\/\/festival-leron.com\/it\/wp-json\/wp\/v2\/pages\/3916\/revisions\/3973"}],"wp:attachment":[{"href":"https:\/\/festival-leron.com\/it\/wp-json\/wp\/v2\/media?parent=3916"}],"curies":[{"name":"wp","href":"https:\/\/api.w.org\/{rel}","templated":true}]}}